{"id":4238,"date":"2025-05-12T20:11:20","date_gmt":"2025-05-12T18:11:20","guid":{"rendered":"https:\/\/bep.ns01.info\/?post_type=product&#038;p=4238"},"modified":"2025-05-13T19:33:28","modified_gmt":"2025-05-13T17:33:28","slug":"navomodel-mp12","status":"publish","type":"product","link":"https:\/\/bep.ns01.info\/ro\/produs\/navomodel-mp12\/","title":{"rendered":"navomodel mp12"},"content":{"rendered":"<p data-sourcepos=\"3:1-3:346\">\u00cen inima acestui instrument de precizie pulseaz\u0103 un motor brushless de \u00eenalt\u0103 performan\u021b\u0103, oferind o propulsie lin\u0103, eficient\u0103 \u0219i fiabil\u0103, care v\u0103 permite s\u0103 explora\u021bi cu gra\u021bie \u00eentinderile acvatice. Alimentat de un acumulator Lithium-Ion 4S, MP12 promite o autonomie superioar\u0103, sus\u021bin\u00e2nd expedi\u021biile dumneavoastr\u0103 \u00eendelungate f\u0103r\u0103 compromisuri.<\/p>\n<p data-sourcepos=\"5:1-5:430\">Pentru a \u00eenfrunta \u00eentunericul cu \u00eencredere, MP12 dispune de un far central puternic, echipat cu dou\u0103 surse de lumin\u0103 de 3W fiecare, str\u0103pung\u00e2nd bezna \u0219i ilumin\u00e2nd calea cu o claritate remarcabil\u0103. Navigarea pe timp de noapte devine o experien\u021b\u0103 sigur\u0103 \u0219i intuitiv\u0103, datorit\u0103 luminilor de naviga\u021bie concentrate, proiectate meticulos pentru a oferi o vizibilitate optim\u0103, semnaliz\u00e2nd prezen\u021ba dumneavoastr\u0103 cu elegan\u021b\u0103 \u0219i eficien\u021b\u0103.<\/p>","protected":false},"excerpt":{"rendered":"<p>\u00cen inima acestui instrument de precizie pulseaz\u0103 un motor brushless de \u00eenalt\u0103 performan\u021b\u0103, oferind o propulsie lin\u0103, eficient\u0103 \u0219i fiabil\u0103, care v\u0103 permite s\u0103 explora\u021bi cu gra\u021bie \u00eentinderile acvatice. Alimentat de un acumulator Lithium-Ion 4S, MP12 promite o autonomie superioar\u0103, sus\u021bin\u00e2nd expedi\u021biile dumneavoastr\u0103 \u00eendelungate f\u0103r\u0103 compromisuri. Pentru a \u00eenfrunta \u00eentunericul cu \u00eencredere, MP12 dispune de [&hellip;]<\/p>","protected":false},"featured_media":4215,"comment_status":"open","ping_status":"closed","template":"","meta":[],"product_cat":[76],"product_tag":[],"class_list":{"0":"post-4238","1":"product","2":"type-product","3":"status-publish","4":"has-post-thumbnail","6":"product_brand-navx","7":"product_cat-navomodele","9":"first","10":"instock","11":"sale","12":"shipping-taxable","13":"product-type-grouped"},"_links":{"self":[{"href":"https:\/\/bep.ns01.info\/ro\/wp-json\/wp\/v2\/product\/4238","targetHints":{"allow":["GET"]}}],"collection":[{"href":"https:\/\/bep.ns01.info\/ro\/wp-json\/wp\/v2\/product"}],"about":[{"href":"https:\/\/bep.ns01.info\/ro\/wp-json\/wp\/v2\/types\/product"}],"replies":[{"embeddable":true,"href":"https:\/\/bep.ns01.info\/ro\/wp-json\/wp\/v2\/comments?post=4238"}],"wp:featuredmedia":[{"embeddable":true,"href":"https:\/\/bep.ns01.info\/ro\/wp-json\/wp\/v2\/media\/4215"}],"wp:attachment":[{"href":"https:\/\/bep.ns01.info\/ro\/wp-json\/wp\/v2\/media?parent=4238"}],"wp:term":[{"taxonomy":"product_cat","embeddable":true,"href":"https:\/\/bep.ns01.info\/ro\/wp-json\/wp\/v2\/product_cat?post=4238"},{"taxonomy":"product_tag","embeddable":true,"href":"https:\/\/bep.ns01.info\/ro\/wp-json\/wp\/v2\/product_tag?post=4238"}],"curies":[{"name":"wp","href":"https:\/\/api.w.org\/{rel}","templated":true}]}}