{"id":4096,"date":"2025-05-01T20:33:03","date_gmt":"2025-05-01T18:33:03","guid":{"rendered":"https:\/\/bep.ns01.info\/?post_type=product&#038;p=4096"},"modified":"2025-05-13T19:47:13","modified_gmt":"2025-05-13T17:47:13","slug":"navx-mp12-nav","status":"publish","type":"product","link":"https:\/\/bep.ns01.info\/ro\/produs\/navx-mp12-nav\/","title":{"rendered":"NavX MP12 NaV"},"content":{"rendered":"<p data-sourcepos=\"3:1-3:329\">Propulsat de un motor brushless silen\u021bios \u0219i performant, MP12 NaV exploreaz\u0103 apele cu o agilitate remarcabil\u0103, oferindu-v\u0103 un control superior asupra traiectoriei. Alimentat de un acumulator Lithium-Ion 4S de \u00eenalt\u0103 capacitate, acesta v\u0103 asigur\u0103 expedi\u021bii \u00eendelungate, sus\u021bin\u00e2nd explor\u0103rile dumneavoastr\u0103 f\u0103r\u0103 a compromite autonomia.<\/p>\n<p data-sourcepos=\"5:1-5:527\">Naviga\u021bia devine intuitiv\u0103 \u0219i sigur\u0103, permi\u021b\u00e2ndu-v\u0103 s\u0103 v\u0103 concentra\u021bi pe esen\u021bial \u2013 capturile mult a\u0219teptate. Iar c\u00e2nd lumina diurn\u0103 se estompeaz\u0103, farul central puternic, echipat cu dou\u0103 surse de lumin\u0103 de 3W fiecare, str\u0103punge \u00eentunericul, ilumin\u00e2nd calea cu o claritate excep\u021bional\u0103. \u00cen plus, luminile de naviga\u021bie nocturn\u0103, cu fascicule concentrate, asigur\u0103 o vizibilitate optim\u0103 a navomodelului, semnal\u00e2nd prezen\u021ba dumneavoastr\u0103 cu elegan\u021b\u0103 \u0219i eficien\u021b\u0103, transform\u00e2nd pescuitul nocturn \u00eentr-o experien\u021b\u0103 sigur\u0103 \u0219i pl\u0103cut\u0103<\/p>","protected":false},"excerpt":{"rendered":"<p>\u00cembr\u0103\u021bi\u0219a\u021bi orizonturi extinse cu navomodelul profesional MP12 NaV, un maestru al navig\u0103rii precise \u0219i al ilumin\u0103rii inteligente, proiectat pentru a v\u0103 conduce cu elegan\u021b\u0103 \u0219i eficien\u021b\u0103 c\u0103tre cele mai promi\u021b\u0103toare zone de pescuit, indiferent de momentul zilei.<\/p>","protected":false},"featured_media":4183,"comment_status":"open","ping_status":"closed","template":"","meta":[],"product_cat":[76],"product_tag":[],"class_list":{"0":"post-4096","1":"product","2":"type-product","3":"status-publish","4":"has-post-thumbnail","6":"product_brand-navx","7":"product_cat-navomodele","9":"first","10":"instock","11":"sale","12":"shipping-taxable","13":"product-type-grouped"},"_links":{"self":[{"href":"https:\/\/bep.ns01.info\/ro\/wp-json\/wp\/v2\/product\/4096","targetHints":{"allow":["GET"]}}],"collection":[{"href":"https:\/\/bep.ns01.info\/ro\/wp-json\/wp\/v2\/product"}],"about":[{"href":"https:\/\/bep.ns01.info\/ro\/wp-json\/wp\/v2\/types\/product"}],"replies":[{"embeddable":true,"href":"https:\/\/bep.ns01.info\/ro\/wp-json\/wp\/v2\/comments?post=4096"}],"wp:featuredmedia":[{"embeddable":true,"href":"https:\/\/bep.ns01.info\/ro\/wp-json\/wp\/v2\/media\/4183"}],"wp:attachment":[{"href":"https:\/\/bep.ns01.info\/ro\/wp-json\/wp\/v2\/media?parent=4096"}],"wp:term":[{"taxonomy":"product_cat","embeddable":true,"href":"https:\/\/bep.ns01.info\/ro\/wp-json\/wp\/v2\/product_cat?post=4096"},{"taxonomy":"product_tag","embeddable":true,"href":"https:\/\/bep.ns01.info\/ro\/wp-json\/wp\/v2\/product_tag?post=4096"}],"curies":[{"name":"wp","href":"https:\/\/api.w.org\/{rel}","templated":true}]}}